{"id":2351,"date":"2024-10-17T11:00:27","date_gmt":"2024-10-17T09:00:27","guid":{"rendered":"https:\/\/norcamp.system.campcation.com\/reserva-una-demostracion-personalizada-gratuita\/"},"modified":"2024-10-22T14:27:49","modified_gmt":"2024-10-22T12:27:49","slug":"reserva-una-demostracion-personalizada-gratuita","status":"publish","type":"page","link":"https:\/\/norcamp.system.campcation.com\/es\/reserva-una-demostracion-personalizada-gratuita\/","title":{"rendered":"Reserva una demostraci\u00f3n personalizada gratuita"},"content":{"rendered":"\t\t<div data-elementor-type=\"wp-page\" data-elementor-id=\"2351\" class=\"elementor elementor-2351 elementor-284\">\n\t\t\t\t<div class=\"elementor-element elementor-element-f9c6b8f e-flex e-con-boxed e-con e-parent\" data-id=\"f9c6b8f\" data-element_type=\"container\">\n\t\t\t\t\t<div class=\"e-con-inner\">\n\t\t\t\t\t<\/div>\n\t\t\t\t<\/div>\n\t\t<div class=\"elementor-element elementor-element-1bfa2ce e-flex e-con-boxed e-con e-parent\" data-id=\"1bfa2ce\" data-element_type=\"container\">\n\t\t\t\t\t<div class=\"e-con-inner\">\n\t\t\t\t<div class=\"elementor-element elementor-element-8b2ff3e elementor-widget elementor-widget-spacer\" data-id=\"8b2ff3e\" data-element_type=\"widget\" data-widget_type=\"spacer.default\">\n\t\t\t\t<div class=\"elementor-widget-container\">\n\t\t\t<style>\/*! elementor - v3.21.0 - 26-05-2024 *\/\n.elementor-column .elementor-spacer-inner{height:var(--spacer-size)}.e-con{--container-widget-width:100%}.e-con-inner>.elementor-widget-spacer,.e-con>.elementor-widget-spacer{width:var(--container-widget-width,var(--spacer-size));--align-self:var(--container-widget-align-self,initial);--flex-shrink:0}.e-con-inner>.elementor-widget-spacer>.elementor-widget-container,.e-con>.elementor-widget-spacer>.elementor-widget-container{height:100%;width:100%}.e-con-inner>.elementor-widget-spacer>.elementor-widget-container>.elementor-spacer,.e-con>.elementor-widget-spacer>.elementor-widget-container>.elementor-spacer{height:100%}.e-con-inner>.elementor-widget-spacer>.elementor-widget-container>.elementor-spacer>.elementor-spacer-inner,.e-con>.elementor-widget-spacer>.elementor-widget-container>.elementor-spacer>.elementor-spacer-inner{height:var(--container-widget-height,var(--spacer-size))}.e-con-inner>.elementor-widget-spacer.elementor-widget-empty,.e-con>.elementor-widget-spacer.elementor-widget-empty{position:relative;min-height:22px;min-width:22px}.e-con-inner>.elementor-widget-spacer.elementor-widget-empty .elementor-widget-empty-icon,.e-con>.elementor-widget-spacer.elementor-widget-empty .elementor-widget-empty-icon{position:absolute;top:0;bottom:0;left:0;right:0;margin:auto;padding:0;width:22px;height:22px}<\/style>\t\t<div class=\"elementor-spacer\">\n\t\t\t<div class=\"elementor-spacer-inner\"><\/div>\n\t\t<\/div>\n\t\t\t\t<\/div>\n\t\t\t\t<\/div>\n\t\t\t\t<div class=\"elementor-element elementor-element-dab730c elementor-widget elementor-widget-spacer\" data-id=\"dab730c\" data-element_type=\"widget\" data-widget_type=\"spacer.default\">\n\t\t\t\t<div class=\"elementor-widget-container\">\n\t\t\t\t\t<div class=\"elementor-spacer\">\n\t\t\t<div class=\"elementor-spacer-inner\"><\/div>\n\t\t<\/div>\n\t\t\t\t<\/div>\n\t\t\t\t<\/div>\n\t\t\t\t\t<\/div>\n\t\t\t\t<\/div>\n\t\t<div class=\"elementor-element elementor-element-13afc40 e-flex e-con-boxed e-con e-parent\" data-id=\"13afc40\" data-element_type=\"container\">\n\t\t\t\t\t<div class=\"e-con-inner\">\n\t\t<div class=\"elementor-element elementor-element-59939c4 e-con-full e-flex e-con e-child\" data-id=\"59939c4\" data-element_type=\"container\">\n\t\t\t\t<div class=\"elementor-element elementor-element-84aad43 elementor-widget elementor-widget-heading\" data-id=\"84aad43\" data-element_type=\"widget\" data-widget_type=\"heading.default\">\n\t\t\t\t<div class=\"elementor-widget-container\">\n\t\t\t<style>\/*! elementor - v3.21.0 - 26-05-2024 *\/\n.elementor-heading-title{padding:0;margin:0;line-height:1}.elementor-widget-heading .elementor-heading-title[class*=elementor-size-]>a{color:inherit;font-size:inherit;line-height:inherit}.elementor-widget-heading .elementor-heading-title.elementor-size-small{font-size:15px}.elementor-widget-heading .elementor-heading-title.elementor-size-medium{font-size:19px}.elementor-widget-heading .elementor-heading-title.elementor-size-large{font-size:29px}.elementor-widget-heading .elementor-heading-title.elementor-size-xl{font-size:39px}.elementor-widget-heading .elementor-heading-title.elementor-size-xxl{font-size:59px}<\/style><h2 class=\"elementor-heading-title elementor-size-default\">\u00a1Reserva una demostraci\u00f3n personalizada gratuita con Christian en Campcation!<\/h2>\t\t<\/div>\n\t\t\t\t<\/div>\n\t\t\t\t<div class=\"elementor-element elementor-element-3feff0d elementor-widget elementor-widget-text-editor\" data-id=\"3feff0d\" data-element_type=\"widget\" data-widget_type=\"text-editor.default\">\n\t\t\t\t<div class=\"elementor-widget-container\">\n\t\t\t<style>\/*! elementor - v3.21.0 - 26-05-2024 *\/\n.elementor-widget-text-editor.elementor-drop-cap-view-stacked .elementor-drop-cap{background-color:#69727d;color:#fff}.elementor-widget-text-editor.elementor-drop-cap-view-framed .elementor-drop-cap{color:#69727d;border:3px solid;background-color:transparent}.elementor-widget-text-editor:not(.elementor-drop-cap-view-default) .elementor-drop-cap{margin-top:8px}.elementor-widget-text-editor:not(.elementor-drop-cap-view-default) .elementor-drop-cap-letter{width:1em;height:1em}.elementor-widget-text-editor .elementor-drop-cap{float:left;text-align:center;line-height:1;font-size:50px}.elementor-widget-text-editor .elementor-drop-cap-letter{display:inline-block}<\/style>\t\t\t\t<p>Elige la hora que m\u00e1s te convenga haciendo clic en el calendario de la derecha. Durante la demostraci\u00f3n, te mostraremos c\u00f3mo nuestra plataforma puede hacer que tu negocio de camping sea m\u00e1s eficiente y rentable. Despu\u00e9s de la demostraci\u00f3n, tendr\u00e1s la oportunidad de probar el sistema t\u00fa mismo, de forma gratuita durante 14 d\u00edas.<\/p>\n<p>Ponte en contacto con nosotros hoy mismo en el 076-023 01 96 o reserva tu demostraci\u00f3n a la derecha. Tambi\u00e9n puedes contactar con nosotros en partners@campcation.se.<\/p>\n<p><strong>\u00a1El 90% de nuestros usuarios recomendar\u00eda Campcation a un amigo!  <\/strong><\/p>\n<p>\u00ab\u00a1Servicio excelente y personalizado, f\u00e1cil de usar y eficaz!\u00bb<\/p>\n<p>&#8211; Sara Sj\u00f6kvist, Camping Eriks\u00f6re <a href=\"https:\/\/www.eriksorecamping.se\/\">www.eriksorecamping.se<\/a><\/p>\n\t\t\t\t\t\t<\/div>\n\t\t\t\t<\/div>\n\t\t\t\t<\/div>\n\t\t<div class=\"elementor-element elementor-element-a62e49e e-con-full e-flex e-con e-child\" data-id=\"a62e49e\" data-element_type=\"container\">\n\t\t\t\t<div class=\"elementor-element elementor-element-bb57410 elementor-widget elementor-widget-html\" data-id=\"bb57410\" data-element_type=\"widget\" data-widget_type=\"html.default\">\n\t\t\t\t<div class=\"elementor-widget-container\">\n\t\t\t<!-- Calendly inline widget begin -->\n<div class=\"calendly-inline-widget\" data-url=\"https:\/\/calendly.com\/christian-qcor\/campcation-demo\" style=\"min-width:320px;height:700px;\"><\/div>\n<script type=\"text\/javascript\" src=\"https:\/\/assets.calendly.com\/assets\/external\/widget.js\" async=\"\"><\/script>\n<!-- Calendly inline widget end -->\t\t<\/div>\n\t\t\t\t<\/div>\n\t\t\t\t<\/div>\n\t\t\t\t\t<\/div>\n\t\t\t\t<\/div>\n\t\t<div class=\"elementor-element elementor-element-1615446 e-flex e-con-boxed e-con e-parent\" data-id=\"1615446\" data-element_type=\"container\">\n\t\t\t\t\t<div class=\"e-con-inner\">\n\t\t<div class=\"elementor-element elementor-element-4da2b7e e-con-full e-flex e-con e-child\" data-id=\"4da2b7e\" data-element_type=\"container\">\n\t\t\t\t<div class=\"elementor-element elementor-element-f913f64 elementor-widget elementor-widget-spacer\" data-id=\"f913f64\" data-element_type=\"widget\" data-widget_type=\"spacer.default\">\n\t\t\t\t<div class=\"elementor-widget-container\">\n\t\t\t\t\t<div class=\"elementor-spacer\">\n\t\t\t<div class=\"elementor-spacer-inner\"><\/div>\n\t\t<\/div>\n\t\t\t\t<\/div>\n\t\t\t\t<\/div>\n\t\t\t\t<div class=\"elementor-element elementor-element-5323aac elementor-widget elementor-widget-spacer\" data-id=\"5323aac\" data-element_type=\"widget\" data-widget_type=\"spacer.default\">\n\t\t\t\t<div class=\"elementor-widget-container\">\n\t\t\t\t\t<div class=\"elementor-spacer\">\n\t\t\t<div class=\"elementor-spacer-inner\"><\/div>\n\t\t<\/div>\n\t\t\t\t<\/div>\n\t\t\t\t<\/div>\n\t\t\t\t<\/div>\n\t\t\t\t\t<\/div>\n\t\t\t\t<\/div>\n\t\t\t\t<\/div>\n\t\t","protected":false},"excerpt":{"rendered":"<p>\u00a1Reserva una demostraci\u00f3n personalizada gratuita con Christian en Campcation! Elige la hora [&hellip;]<\/p>\n","protected":false},"author":1,"featured_media":0,"parent":0,"menu_order":0,"comment_status":"closed","ping_status":"closed","template":"","meta":{"footnotes":""},"class_list":["post-2351","page","type-page","status-publish","hentry"],"aioseo_notices":[],"_links":{"self":[{"href":"https:\/\/norcamp.system.campcation.com\/es\/wp-json\/wp\/v2\/pages\/2351","targetHints":{"allow":["GET"]}}],"collection":[{"href":"https:\/\/norcamp.system.campcation.com\/es\/wp-json\/wp\/v2\/pages"}],"about":[{"href":"https:\/\/norcamp.system.campcation.com\/es\/wp-json\/wp\/v2\/types\/page"}],"author":[{"embeddable":true,"href":"https:\/\/norcamp.system.campcation.com\/es\/wp-json\/wp\/v2\/users\/1"}],"replies":[{"embeddable":true,"href":"https:\/\/norcamp.system.campcation.com\/es\/wp-json\/wp\/v2\/comments?post=2351"}],"version-history":[{"count":7,"href":"https:\/\/norcamp.system.campcation.com\/es\/wp-json\/wp\/v2\/pages\/2351\/revisions"}],"predecessor-version":[{"id":2889,"href":"https:\/\/norcamp.system.campcation.com\/es\/wp-json\/wp\/v2\/pages\/2351\/revisions\/2889"}],"wp:attachment":[{"href":"https:\/\/norcamp.system.campcation.com\/es\/wp-json\/wp\/v2\/media?parent=2351"}],"curies":[{"name":"wp","href":"https:\/\/api.w.org\/{rel}","templated":true}]}}