{"id":2349,"date":"2024-10-17T11:00:27","date_gmt":"2024-10-17T09:00:27","guid":{"rendered":"https:\/\/norcamp.system.campcation.com\/prenota-una-demo-gratuita-e-personalizzata\/"},"modified":"2024-10-22T14:27:06","modified_gmt":"2024-10-22T12:27:06","slug":"prenota-una-demo-gratuita-e-personalizzata","status":"publish","type":"page","link":"https:\/\/norcamp.system.campcation.com\/it\/prenota-una-demo-gratuita-e-personalizzata\/","title":{"rendered":"Prenota una demo gratuita e personalizzata!"},"content":{"rendered":"\t\t<div data-elementor-type=\"wp-page\" data-elementor-id=\"2349\" class=\"elementor elementor-2349 elementor-284\">\n\t\t\t\t<div class=\"elementor-element elementor-element-f9c6b8f e-flex e-con-boxed e-con e-parent\" data-id=\"f9c6b8f\" data-element_type=\"container\">\n\t\t\t\t\t<div class=\"e-con-inner\">\n\t\t\t\t\t<\/div>\n\t\t\t\t<\/div>\n\t\t<div class=\"elementor-element elementor-element-1bfa2ce e-flex e-con-boxed e-con e-parent\" data-id=\"1bfa2ce\" data-element_type=\"container\">\n\t\t\t\t\t<div class=\"e-con-inner\">\n\t\t\t\t<div class=\"elementor-element elementor-element-8b2ff3e elementor-widget elementor-widget-spacer\" data-id=\"8b2ff3e\" data-element_type=\"widget\" data-widget_type=\"spacer.default\">\n\t\t\t\t<div class=\"elementor-widget-container\">\n\t\t\t<style>\/*! elementor - v3.21.0 - 26-05-2024 *\/\n.elementor-column .elementor-spacer-inner{height:var(--spacer-size)}.e-con{--container-widget-width:100%}.e-con-inner>.elementor-widget-spacer,.e-con>.elementor-widget-spacer{width:var(--container-widget-width,var(--spacer-size));--align-self:var(--container-widget-align-self,initial);--flex-shrink:0}.e-con-inner>.elementor-widget-spacer>.elementor-widget-container,.e-con>.elementor-widget-spacer>.elementor-widget-container{height:100%;width:100%}.e-con-inner>.elementor-widget-spacer>.elementor-widget-container>.elementor-spacer,.e-con>.elementor-widget-spacer>.elementor-widget-container>.elementor-spacer{height:100%}.e-con-inner>.elementor-widget-spacer>.elementor-widget-container>.elementor-spacer>.elementor-spacer-inner,.e-con>.elementor-widget-spacer>.elementor-widget-container>.elementor-spacer>.elementor-spacer-inner{height:var(--container-widget-height,var(--spacer-size))}.e-con-inner>.elementor-widget-spacer.elementor-widget-empty,.e-con>.elementor-widget-spacer.elementor-widget-empty{position:relative;min-height:22px;min-width:22px}.e-con-inner>.elementor-widget-spacer.elementor-widget-empty .elementor-widget-empty-icon,.e-con>.elementor-widget-spacer.elementor-widget-empty .elementor-widget-empty-icon{position:absolute;top:0;bottom:0;left:0;right:0;margin:auto;padding:0;width:22px;height:22px}<\/style>\t\t<div class=\"elementor-spacer\">\n\t\t\t<div class=\"elementor-spacer-inner\"><\/div>\n\t\t<\/div>\n\t\t\t\t<\/div>\n\t\t\t\t<\/div>\n\t\t\t\t<div class=\"elementor-element elementor-element-dab730c elementor-widget elementor-widget-spacer\" data-id=\"dab730c\" data-element_type=\"widget\" data-widget_type=\"spacer.default\">\n\t\t\t\t<div class=\"elementor-widget-container\">\n\t\t\t\t\t<div class=\"elementor-spacer\">\n\t\t\t<div class=\"elementor-spacer-inner\"><\/div>\n\t\t<\/div>\n\t\t\t\t<\/div>\n\t\t\t\t<\/div>\n\t\t\t\t\t<\/div>\n\t\t\t\t<\/div>\n\t\t<div class=\"elementor-element elementor-element-13afc40 e-flex e-con-boxed e-con e-parent\" data-id=\"13afc40\" data-element_type=\"container\">\n\t\t\t\t\t<div class=\"e-con-inner\">\n\t\t<div class=\"elementor-element elementor-element-59939c4 e-con-full e-flex e-con e-child\" data-id=\"59939c4\" data-element_type=\"container\">\n\t\t\t\t<div class=\"elementor-element elementor-element-84aad43 elementor-widget elementor-widget-heading\" data-id=\"84aad43\" data-element_type=\"widget\" data-widget_type=\"heading.default\">\n\t\t\t\t<div class=\"elementor-widget-container\">\n\t\t\t<style>\/*! elementor - v3.21.0 - 26-05-2024 *\/\n.elementor-heading-title{padding:0;margin:0;line-height:1}.elementor-widget-heading .elementor-heading-title[class*=elementor-size-]>a{color:inherit;font-size:inherit;line-height:inherit}.elementor-widget-heading .elementor-heading-title.elementor-size-small{font-size:15px}.elementor-widget-heading .elementor-heading-title.elementor-size-medium{font-size:19px}.elementor-widget-heading .elementor-heading-title.elementor-size-large{font-size:29px}.elementor-widget-heading .elementor-heading-title.elementor-size-xl{font-size:39px}.elementor-widget-heading .elementor-heading-title.elementor-size-xxl{font-size:59px}<\/style><h2 class=\"elementor-heading-title elementor-size-default\">Prenota una demo gratuita e personalizzata con Oscar di Campcation!<\/h2>\t\t<\/div>\n\t\t\t\t<\/div>\n\t\t\t\t<div class=\"elementor-element elementor-element-3feff0d elementor-widget elementor-widget-text-editor\" data-id=\"3feff0d\" data-element_type=\"widget\" data-widget_type=\"text-editor.default\">\n\t\t\t\t<div class=\"elementor-widget-container\">\n\t\t\t<style>\/*! elementor - v3.21.0 - 26-05-2024 *\/\n.elementor-widget-text-editor.elementor-drop-cap-view-stacked .elementor-drop-cap{background-color:#69727d;color:#fff}.elementor-widget-text-editor.elementor-drop-cap-view-framed .elementor-drop-cap{color:#69727d;border:3px solid;background-color:transparent}.elementor-widget-text-editor:not(.elementor-drop-cap-view-default) .elementor-drop-cap{margin-top:8px}.elementor-widget-text-editor:not(.elementor-drop-cap-view-default) .elementor-drop-cap-letter{width:1em;height:1em}.elementor-widget-text-editor .elementor-drop-cap{float:left;text-align:center;line-height:1;font-size:50px}.elementor-widget-text-editor .elementor-drop-cap-letter{display:inline-block}<\/style>\t\t\t\t<p>Scegli l&#8217;orario che preferisci cliccando sul calendario a destra. Durante la demo, ti mostreremo come la nostra piattaforma pu\u00f2 rendere la tua attivit\u00e0 di campeggio pi\u00f9 efficiente e redditizia! Dopo la demo, avrai l&#8217;opportunit\u00e0 di testare tu stesso il sistema, gratuitamente per 14 giorni.<\/p>\n<p>Contattaci oggi stesso al numero 076-023 01 96 o prenota la tua demo sulla destra. Puoi raggiungerci anche all&#8217;indirizzo partners@campcation.se.<\/p>\n<p><strong>Il 90% dei nostri utenti raccomanderebbe Campcation ad un amico!  <\/strong><\/p>\n<p>&#8220;Servizio eccellente e personalizzato, facile da usare ed efficiente!&#8221;<\/p>\n<p>&#8211; Sara Sj\u00f6kvist, Eriks\u00f6re Camping <a href=\"https:\/\/www.eriksorecamping.se\/\">www.eriksorecamping.se<\/a><\/p>\n\t\t\t\t\t\t<\/div>\n\t\t\t\t<\/div>\n\t\t\t\t<\/div>\n\t\t<div class=\"elementor-element elementor-element-a62e49e e-con-full e-flex e-con e-child\" data-id=\"a62e49e\" data-element_type=\"container\">\n\t\t\t\t<div class=\"elementor-element elementor-element-bb57410 elementor-widget elementor-widget-html\" data-id=\"bb57410\" data-element_type=\"widget\" data-widget_type=\"html.default\">\n\t\t\t\t<div class=\"elementor-widget-container\">\n\t\t\t<!-- Calendly inline widget begin -->\n<div class=\"calendly-inline-widget\" data-url=\"https:\/\/calendly.com\/christian-qcor\/campcation-demo\" style=\"min-width:320px;height:700px;\"><\/div>\n<script type=\"text\/javascript\" src=\"https:\/\/assets.calendly.com\/assets\/external\/widget.js\" async=\"\"><\/script>\n<!-- Calendly inline widget end -->\t\t<\/div>\n\t\t\t\t<\/div>\n\t\t\t\t<\/div>\n\t\t\t\t\t<\/div>\n\t\t\t\t<\/div>\n\t\t<div class=\"elementor-element elementor-element-1615446 e-flex e-con-boxed e-con e-parent\" data-id=\"1615446\" data-element_type=\"container\">\n\t\t\t\t\t<div class=\"e-con-inner\">\n\t\t<div class=\"elementor-element elementor-element-4da2b7e e-con-full e-flex e-con e-child\" data-id=\"4da2b7e\" data-element_type=\"container\">\n\t\t\t\t<div class=\"elementor-element elementor-element-f913f64 elementor-widget elementor-widget-spacer\" data-id=\"f913f64\" data-element_type=\"widget\" data-widget_type=\"spacer.default\">\n\t\t\t\t<div class=\"elementor-widget-container\">\n\t\t\t\t\t<div class=\"elementor-spacer\">\n\t\t\t<div class=\"elementor-spacer-inner\"><\/div>\n\t\t<\/div>\n\t\t\t\t<\/div>\n\t\t\t\t<\/div>\n\t\t\t\t<div class=\"elementor-element elementor-element-5323aac elementor-widget elementor-widget-spacer\" data-id=\"5323aac\" data-element_type=\"widget\" data-widget_type=\"spacer.default\">\n\t\t\t\t<div class=\"elementor-widget-container\">\n\t\t\t\t\t<div class=\"elementor-spacer\">\n\t\t\t<div class=\"elementor-spacer-inner\"><\/div>\n\t\t<\/div>\n\t\t\t\t<\/div>\n\t\t\t\t<\/div>\n\t\t\t\t<\/div>\n\t\t\t\t\t<\/div>\n\t\t\t\t<\/div>\n\t\t\t\t<\/div>\n\t\t","protected":false},"excerpt":{"rendered":"<p>Prenota una demo gratuita e personalizzata con Oscar di Campcation! Scegli l&#8217;orario [&hellip;]<\/p>\n","protected":false},"author":1,"featured_media":0,"parent":0,"menu_order":0,"comment_status":"closed","ping_status":"closed","template":"","meta":{"footnotes":""},"class_list":["post-2349","page","type-page","status-publish","hentry"],"aioseo_notices":[],"_links":{"self":[{"href":"https:\/\/norcamp.system.campcation.com\/it\/wp-json\/wp\/v2\/pages\/2349","targetHints":{"allow":["GET"]}}],"collection":[{"href":"https:\/\/norcamp.system.campcation.com\/it\/wp-json\/wp\/v2\/pages"}],"about":[{"href":"https:\/\/norcamp.system.campcation.com\/it\/wp-json\/wp\/v2\/types\/page"}],"author":[{"embeddable":true,"href":"https:\/\/norcamp.system.campcation.com\/it\/wp-json\/wp\/v2\/users\/1"}],"replies":[{"embeddable":true,"href":"https:\/\/norcamp.system.campcation.com\/it\/wp-json\/wp\/v2\/comments?post=2349"}],"version-history":[{"count":4,"href":"https:\/\/norcamp.system.campcation.com\/it\/wp-json\/wp\/v2\/pages\/2349\/revisions"}],"predecessor-version":[{"id":2883,"href":"https:\/\/norcamp.system.campcation.com\/it\/wp-json\/wp\/v2\/pages\/2349\/revisions\/2883"}],"wp:attachment":[{"href":"https:\/\/norcamp.system.campcation.com\/it\/wp-json\/wp\/v2\/media?parent=2349"}],"curies":[{"name":"wp","href":"https:\/\/api.w.org\/{rel}","templated":true}]}}